{"id":36,"date":"2023-06-27T14:28:15","date_gmt":"2023-06-27T14:28:15","guid":{"rendered":"https:\/\/www.martuga.com\/?post_type=product&#038;p=36"},"modified":"2026-01-28T18:32:22","modified_gmt":"2026-01-28T15:32:22","slug":"shopify-site-tasarimi","status":"publish","type":"product","link":"https:\/\/www.martuga.com\/?product=shopify-site-tasarimi","title":{"rendered":"Shopify Site Tasar\u0131m\u0131"},"content":{"rendered":"","protected":false},"excerpt":{"rendered":"<p>Her \u015fey entegreli ( Tema + Fatura + Kargo ) Shopify Siteler&#8230;<\/p>\n","protected":false},"featured_media":228,"comment_status":"open","ping_status":"closed","template":"","meta":[],"product_brand":[],"product_cat":[17],"product_tag":[22,23,20,21],"class_list":{"0":"post-36","1":"product","2":"type-product","3":"status-publish","4":"has-post-thumbnail","6":"product_cat-web-sitesi","7":"product_tag-e-ticaret","8":"product_tag-hazir-shopify-siteler","9":"product_tag-shopify","10":"product_tag-site","12":"first","13":"instock","14":"sale","15":"virtual","16":"sold-individually","17":"purchasable","18":"product-type-simple"},"_links":{"self":[{"href":"https:\/\/www.martuga.com\/index.php?rest_route=\/wp\/v2\/product\/36","targetHints":{"allow":["GET"]}}],"collection":[{"href":"https:\/\/www.martuga.com\/index.php?rest_route=\/wp\/v2\/product"}],"about":[{"href":"https:\/\/www.martuga.com\/index.php?rest_route=\/wp\/v2\/types\/product"}],"replies":[{"embeddable":true,"href":"https:\/\/www.martuga.com\/index.php?rest_route=%2Fwp%2Fv2%2Fcomments&post=36"}],"wp:featuredmedia":[{"embeddable":true,"href":"https:\/\/www.martuga.com\/index.php?rest_route=\/wp\/v2\/media\/228"}],"wp:attachment":[{"href":"https:\/\/www.martuga.com\/index.php?rest_route=%2Fwp%2Fv2%2Fmedia&parent=36"}],"wp:term":[{"taxonomy":"product_brand","embeddable":true,"href":"https:\/\/www.martuga.com\/index.php?rest_route=%2Fwp%2Fv2%2Fproduct_brand&post=36"},{"taxonomy":"product_cat","embeddable":true,"href":"https:\/\/www.martuga.com\/index.php?rest_route=%2Fwp%2Fv2%2Fproduct_cat&post=36"},{"taxonomy":"product_tag","embeddable":true,"href":"https:\/\/www.martuga.com\/index.php?rest_route=%2Fwp%2Fv2%2Fproduct_tag&post=36"}],"curies":[{"name":"wp","href":"https:\/\/api.w.org\/{rel}","templated":true}]}}